{"id":122,"date":"2026-01-04T14:39:48","date_gmt":"2026-01-04T13:39:48","guid":{"rendered":"https:\/\/psychoterapia-spotkania.pl\/?page_id=122"},"modified":"2026-01-04T18:39:27","modified_gmt":"2026-01-04T17:39:27","slug":"psychoterapia-warszawa-mokotow","status":"publish","type":"page","link":"https:\/\/psychoterapia-spotkania.pl\/","title":{"rendered":"Start"},"content":{"rendered":"\n<h1 class=\"wp-block-heading has-text-align-center has-contrast-2-color has-text-color has-link-color wp-elements-cc04e9fe2ca55e500f55550d9a41e98c\"><em>Centrum Psychoterapii Spotkania<\/em><\/h1>\n\n\n\n<h3 class=\"wp-block-heading has-text-align-center is-style-default has-contrast-2-color has-text-color has-link-color wp-elements-118032710dba238b91182d824b87027b\">Psychoterapia Warszawa Mokot\u00f3w<\/h3>\n\n\n\n<p><\/p>\n\n\n\n<p class=\"has-contrast-2-color has-text-color has-link-color wp-elements-bc82d3e7de6b160a8db40e711b5fc10e\">Zesp\u00f3\u0142 do\u015bwiadczonych psycholog\u00f3w, psychoterapeut\u00f3w i superwizor\u00f3w czeka na Ciebie. Pracujemy w modalno\u015bci Gestalt i Psychoanalitycznej.<\/p>\n\n\n\n<p class=\"has-contrast-2-color has-text-color has-link-color wp-elements-048671d87f1d1ac9d204377418bf4e66\">To, co nas wyr\u00f3\u017cnia to wieloletnie do\u015bwiadczenie kliniczne. Ka\u017cda z nas posiada aktualny certyfikat psychoterapeuty. Wspieramy psychoterapeut\u00f3w prowadz\u0105c superwizj\u0119 ich pracy psychoterapeutycznej.<\/p>\n\n\n\n<h4 class=\"wp-block-heading has-contrast-2-color has-text-color has-link-color wp-elements-627e71b42006616c1d1669a4c8e1a523\">Centrum Psychoterapii Spotkania na warszawskim Mokotowie<\/h4>\n\n\n\n<p class=\"has-contrast-2-color has-text-color has-link-color wp-elements-8953a708040dd6797177fc2aa1b5a16b\">Pracujemy w nurcie gestalt i psychoanalitycznym. Je\u015bli zmagasz si\u0119&nbsp;z problemami i&nbsp;poszukujesz profesjonalnej pomocy, zale\u017cy ci na uzyskaniu zmiany i rozwoju lub po prostu masz do\u015b\u0107 uci\u0105\u017cliwych objaw\u00f3w rozwa\u017c podj\u0119cie psychoterapii z nasz\u0105&nbsp;pomoc\u0105. Nie musisz sam\/ sama zmaga\u0107 si\u0119 z problemami. Pracujemy w atmosferze akceptacji i dyskrecji. Zapraszamy do kontaktu.<\/p>\n\n\n\n<p class=\"has-contrast-2-color has-text-color has-link-color wp-elements-6a2198fc013a493778525c4ef9821802\">Pracujemy z klientami do\u015bwiadczaj\u0105cymi zaburze\u0144 nastroju, objaw\u00f3w nerwicowych, zmagaj\u0105cych si\u0119&nbsp;z kryzysem i strat\u0105, problemami psychosomatycznymi, problemami w relacjach interpersonalnych oraz z wszystkimi zainteresowanymi poszerzeniem \u015bwiadomo\u015bci i rozwojem osobistym.<\/p>\n\n\n\n<p class=\"has-contrast-2-color has-text-color has-link-color wp-elements-816850dedb1e83b88a799cb98e6c3ec1\">Prowadzimy r\u00f3wnie\u017c superwizj\u0119 pracy terapeutycznej psychoterapeut\u00f3w.<\/p>\n\n\n\n<p class=\"has-contrast-2-color has-text-color has-link-color wp-elements-d3083bec11da12c621ce92041dc5a8a9\">Psychoterapia stacjonarnie w Warszawie lub online.<\/p>\n\n\n\n<p class=\"has-contrast-2-color has-text-color has-link-color wp-elements-2723e791a66143aa7013e7980d749221\"><a href=\"https:\/\/psychoterapia-spotkania.pl\/?page_id=53\" data-type=\"page\" data-id=\"53\">Dowiedz si\u0119 wi\u0119cej o nas<\/a><\/p>\n\n\n\n<figure class=\"wp-block-image\"><a class=\"custom-logo-link\" href=\"https:\/\/hkqqypvjq9-ksacb.wordpress.com\/\" target=\"_blank\" rel=\"noopener\"><img decoding=\"async\" src=\"https:\/\/hkqqypvjq9-ksacb.wordpress.com\/wp-content\/uploads\/2025\/11\/cropped-img_5178.jpeg\" alt=\"Psychoterapia Warszawa Mokot\u00f3w\"\/><\/a><\/figure>\n\n\n\n<p><\/p>\n","protected":false},"excerpt":{"rendered":"<p>Centrum Psychoterapii Spotkania Psychoterapia Warszawa Mokot\u00f3w Zesp\u00f3\u0142 do\u015bwiadczonych psycholog\u00f3w, psychoterapeut\u00f3w i superwizor\u00f3w czeka na Ciebie. Pracujemy w modalno\u015bci Gestalt i Psychoanalitycznej. To, co nas wyr\u00f3\u017cnia to wieloletnie do\u015bwiadczenie kliniczne. Ka\u017cda z nas posiada aktualny certyfikat psychoterapeuty. Wspieramy psychoterapeut\u00f3w prowadz\u0105c superwizj\u0119 ich pracy psychoterapeutycznej. Centrum Psychoterapii Spotkania na warszawskim Mokotowie Pracujemy w nurcie gestalt i psychoanalitycznym. [&hellip;]<\/p>\n","protected":false},"author":1,"featured_media":0,"parent":0,"menu_order":0,"comment_status":"closed","ping_status":"closed","template":"","meta":{"footnotes":""},"class_list":["post-122","page","type-page","status-publish","hentry"],"_links":{"self":[{"href":"https:\/\/psychoterapia-spotkania.pl\/index.php?rest_route=\/wp\/v2\/pages\/122","targetHints":{"allow":["GET"]}}],"collection":[{"href":"https:\/\/psychoterapia-spotkania.pl\/index.php?rest_route=\/wp\/v2\/pages"}],"about":[{"href":"https:\/\/psychoterapia-spotkania.pl\/index.php?rest_route=\/wp\/v2\/types\/page"}],"author":[{"embeddable":true,"href":"https:\/\/psychoterapia-spotkania.pl\/index.php?rest_route=\/wp\/v2\/users\/1"}],"replies":[{"embeddable":true,"href":"https:\/\/psychoterapia-spotkania.pl\/index.php?rest_route=%2Fwp%2Fv2%2Fcomments&post=122"}],"version-history":[{"count":12,"href":"https:\/\/psychoterapia-spotkania.pl\/index.php?rest_route=\/wp\/v2\/pages\/122\/revisions"}],"predecessor-version":[{"id":169,"href":"https:\/\/psychoterapia-spotkania.pl\/index.php?rest_route=\/wp\/v2\/pages\/122\/revisions\/169"}],"wp:attachment":[{"href":"https:\/\/psychoterapia-spotkania.pl\/index.php?rest_route=%2Fwp%2Fv2%2Fmedia&parent=122"}],"curies":[{"name":"wp","href":"https:\/\/api.w.org\/{rel}","templated":true}]}}