{"id":53,"date":"2025-12-28T20:06:48","date_gmt":"2025-12-28T19:06:48","guid":{"rendered":"https:\/\/hkqqypvjq9-ksacb.wordpress.com\/?page_id=53"},"modified":"2026-02-22T18:38:39","modified_gmt":"2026-02-22T17:38:39","slug":"o-nas","status":"publish","type":"page","link":"https:\/\/psychoterapia-spotkania.pl\/?page_id=53","title":{"rendered":"O nas"},"content":{"rendered":"\n<h2 class=\"wp-block-heading has-contrast-2-color has-text-color has-link-color wp-elements-0021a7731895d8702c76270ac03ceb8d\">Psychoterapeuci Centrum Spotkania<\/h2>\n\n\n\n<p class=\"has-medium-font-size\"><\/p>\n\n\n\n<div class=\"wp-block-group is-layout-grid wp-container-core-group-is-layout-478b6e6b wp-block-group-is-layout-grid\"><\/div>\n\n\n\n<div class=\"wp-block-columns is-layout-flex wp-container-core-columns-is-layout-28f84493 wp-block-columns-is-layout-flex\">\n<div class=\"wp-block-column is-layout-flow wp-block-column-is-layout-flow\" style=\"flex-basis:33.33%\">\n<figure class=\"wp-block-image size-full\"><img loading=\"lazy\" decoding=\"async\" width=\"293\" height=\"436\" src=\"https:\/\/psychoterapia-spotkania.pl\/wp-content\/uploads\/2025\/12\/image.jpeg\" alt=\"\" class=\"wp-image-45\" srcset=\"https:\/\/psychoterapia-spotkania.pl\/wp-content\/uploads\/2025\/12\/image.jpeg 293w, https:\/\/psychoterapia-spotkania.pl\/wp-content\/uploads\/2025\/12\/image-202x300.jpeg 202w\" sizes=\"auto, (max-width: 293px) 100vw, 293px\" \/><\/figure>\n<\/div>\n\n\n\n<div class=\"wp-block-column is-layout-flow wp-block-column-is-layout-flow\" style=\"flex-basis:66.66%\">\n<p class=\"has-contrast-2-color has-text-color has-link-color wp-elements-2983091c4a6f0ee30e0da7b3824e89f7\">Magdalena Sowi\u0144ska  <\/p>\n\n\n\n<p class=\"has-contrast-2-color has-text-color has-link-color has-small-font-size wp-elements-97876392a86007ecab98ff10d46e6660\">tel:&nbsp;600 950 077<\/p>\n\n\n\n<p class=\"has-contrast-2-color has-text-color has-link-color has-small-font-size wp-elements-e87a6ce5c6398955c7a2b9c4fe11d9d4\">Jestem certyfikowan\u0105 psychoterapeutk\u0105 &#8211; posiadam certyfikat potwierdzaj\u0105cy wiedz\u0119 i kompetencje w zakresie psychoterapii Gestalt wydany przez Polskie Towarzystwo Psychoterapii Gestalt.&nbsp; Pracuj\u0119 w&nbsp; nurcie terapii Gestalt.<\/p>\n\n\n\n<p class=\"has-contrast-2-color has-text-color has-link-color has-small-font-size wp-elements-c69d54a5a856270054229353a557721e\">Jestem absolwentk\u0105 interdyscyplinarnych studi\u00f3w w Instytucie Profilaktyki Spo\u0142ecznej i Resocjalizacji Uniwersytetu Warszawskiego.<\/p>\n\n\n\n<p class=\"has-contrast-2-color has-text-color has-link-color has-small-font-size wp-elements-836c4e664731d550e30d8f865fe8abf2\">W ramach przygotowania do uzyskania certyfikatu psychoterapeuty Gestalt odby\u0142am roczne szkolenie Vademecum Gestalt w Synapsis w Warszawie i uko\u0144czy\u0142am czteroletni\u0105 Szko\u0142\u0119 Trener\u00f3w i Psychoterapeut\u00f3w Instytutu Terapii Gestalt w Krakowie zgodnie ze standardami EAP (Europejskie Stowarzyszenie Psychoterapii) i EAGT (Europejskie Stowarzyszenie Psychoterapii Gestalt).<\/p>\n\n\n\n<p class=\"has-contrast-2-color has-text-color has-link-color has-small-font-size wp-elements-7cfdbbf6449d2b7fd33b05b0011d0768\">Od 1997 roku pracuj\u0119 w kontakcie z osobami potrzebuj\u0105cymi pomocy psychologicznej.<\/p>\n\n\n\n<p class=\"has-contrast-2-color has-text-color has-link-color has-small-font-size wp-elements-5a264d585513e8852601c5ecd88cef3e\">D\u0142ugoletnie do\u015bwiadczenie zawodowe zdobywa\u0142am pracuj\u0105c w Poradniach Terapii Uzale\u017cnienia od Alkoholu i Wsp\u00f3\u0142uzale\u017cnienia, w Poradni Rodzinnej ds Przeciwdzia\u0142ania Przemocy w Rodzinie, uczestnicz\u0105c w programach spo\u0142ecznych np. w Stowarzyszeniu Pomocy Dzieciom &#8222;Gniazdo&#8221;.<\/p>\n\n\n\n<p class=\"has-contrast-2-color has-text-color has-link-color has-small-font-size wp-elements-fb0aaf2df1a5d2455a36f21e8bc64ed3\">Pracuj\u0119&nbsp;w kontakcie indywidualnym, prowadz\u0119 grupy tematyczne i terapi\u0119 par. &nbsp;<\/p>\n\n\n\n<p class=\"has-contrast-2-color has-text-color has-link-color has-small-font-size wp-elements-d89a4e216055946402eab2185e27ec1f\">Spotykam si\u0119 z osobami, kt\u00f3re czuj\u0105 si\u0119 samotne, prze\u017cywaj\u0105 trudno\u015bci w relacjach mi\u0119dzyludzkich, nie radz\u0105 sobie w sytuacjach kryzysowych, towarzysz\u0105 im objawy psychosomatyczne, prze\u017cywaj\u0105 l\u0119k lub poczucie straty.<\/p>\n\n\n\n<p class=\"has-contrast-2-color has-text-color has-link-color has-small-font-size wp-elements-01c3e038b2e0f592a8489e3408b4177b\">Towarzysz\u0119 osobom pragn\u0105cym rozwija\u0107 swoje mo\u017cliwo\u015bci poprzez g\u0142\u0119bsze poznanie siebie.<\/p>\n\n\n\n<p class=\"has-contrast-2-color has-text-color has-link-color has-small-font-size wp-elements-d2eb754763fbf1ca031ac7a09318023a\">Mam do\u015bwiadczenie pracy z osobami z depresj\u0105 i z tymi, kt\u00f3re do\u015bwiadczy\u0142y lub do\u015bwiadczaj\u0105 przemocy, wsp\u00f3\u0142uzale\u017cnionymi i DDA.<\/p>\n\n\n\n<p class=\"has-contrast-2-color has-text-color has-link-color has-small-font-size wp-elements-2ca3f1822780643d57819d9a99dbdf9b\">Wsp\u00f3\u0142pracuj\u0119 z Klinikami Terapii Allenort &#8211; Psychomedic\u0105 i Invers\u0105.<\/p>\n\n\n\n<p class=\"has-contrast-2-color has-text-color has-link-color has-small-font-size wp-elements-8f2af527e7a0488d9f9a6433609fcfdc\">Pracuj\u0119 pod sta\u0142\u0105 superwizj\u0105 licencjonowanego superwizora Instytutu Terapii Gestalt. Jestem czlonkiem Polskiego Towarzystwa Psychoterapii Gestalt.<\/p>\n\n\n\n<p><\/p>\n\n\n\n<p class=\"has-small-font-size\"><\/p>\n<\/div>\n<\/div>\n\n\n\n<div class=\"wp-block-columns is-layout-flex wp-container-core-columns-is-layout-28f84493 wp-block-columns-is-layout-flex\">\n<div class=\"wp-block-column is-layout-flow wp-block-column-is-layout-flow\" style=\"flex-basis:33.33%\">\n<figure class=\"wp-block-image size-full\"><img loading=\"lazy\" decoding=\"async\" width=\"295\" height=\"436\" src=\"https:\/\/psychoterapia-spotkania.pl\/wp-content\/uploads\/2025\/12\/image-1.jpeg\" alt=\"\" class=\"wp-image-66\" srcset=\"https:\/\/psychoterapia-spotkania.pl\/wp-content\/uploads\/2025\/12\/image-1.jpeg 295w, https:\/\/psychoterapia-spotkania.pl\/wp-content\/uploads\/2025\/12\/image-1-203x300.jpeg 203w\" sizes=\"auto, (max-width: 295px) 100vw, 295px\" \/><\/figure>\n<\/div>\n\n\n\n<div class=\"wp-block-column is-layout-flow wp-block-column-is-layout-flow\" style=\"flex-basis:66.66%\">\n<h4 class=\"wp-block-heading has-contrast-2-color has-text-color has-link-color wp-elements-ea27d61a9329b258bf454c39ba3d9ca1\">Agnieszka Rybicka<\/h4>\n\n\n\n<p class=\"has-contrast-2-color has-text-color has-link-color has-small-font-size wp-elements-f9f46b4cf9ade7bd9c7ba3772a95c8f2\">Tel: 516 138 370<\/p>\n\n\n\n<p class=\"has-contrast-2-color has-text-color has-link-color has-small-font-size wp-elements-af2485686a64461b1f9354cb11e391c9\">Jestem psychologiem oraz certyfikowan\u0105 psychoterapeutk\u0105 i superwizork\u0105. Pracuj\u0119 w nurcie psychoterapii Gestalt. Szkolenie w zawodzie psychoterapeuty odby\u0142am w latach 2006-2009 w Instytucie Terapii Gestalt w Krakowie zgodnie ze standardami EAP (Europejskie Stowarzyszenie Psychoterapii) i EAGT (Europejskie Stowarzyszenie Psychoterapii Gestalt).<\/p>\n\n\n\n<p class=\"has-contrast-2-color has-text-color has-link-color has-small-font-size wp-elements-9f2f609ac69857411785ed581f9867c1\">Posiadam certyfikaty:<\/p>\n\n\n\n<ul class=\"wp-block-list\">\n<li class=\"has-contrast-2-color has-text-color has-link-color has-small-font-size wp-elements-9bb267e35367dea741184a3819210078\">Certyfikat Psychoterapeuty nr: 62012-33 wydany przez Polskie Towarzystwo Psychoterapii Gestalt <\/li>\n\n\n\n<li class=\"has-contrast-2-color has-text-color has-link-color has-small-font-size wp-elements-d2f7e783672bc94edba1ade3b63f9c61\">Europejski Certyfikat Psychoterapeuty Gestalt nr: 26-5047 wydany przez Europejskie Stowarzyszenie Psychoterapii Gestalt (EAGT) <\/li>\n\n\n\n<li class=\"has-contrast-2-color has-text-color has-link-color has-small-font-size wp-elements-452b6dc07dd043af67c6051cf8edf7e8\">Certyfikat Superwizora Gestalt wydany przez EAGT nr 26-5047, <\/li>\n\n\n\n<li class=\"has-contrast-2-color has-text-color has-link-color has-small-font-size wp-elements-35f53a06e86676cc4f174dfc98a8dbdc\">Certyfikat Psychoterapeuty nr 171 wydany przez Instytut Terapii Gestalt.<\/li>\n<\/ul>\n\n\n\n<p class=\"has-contrast-2-color has-text-color has-link-color has-small-font-size wp-elements-00a3afe948ee2907bef9888e6a21e669\">Swoj\u0105 prac\u0119 psychoterapeutyczn\u0105 poddaj\u0119 sta\u0142ej superwizji oraz systematycznemu dokszta\u0142caniu. Jestem cz\u0142onkiem Polskiego Towarzystwa Psychoterapii Gestalt i Europejskiego Stowarzyszenia Psychoterapii Gestalt.<\/p>\n\n\n\n<p class=\"has-contrast-2-color has-text-color has-link-color has-small-font-size wp-elements-91eacf90348b43d49345f2eff93f569d\">W zawodzie psychologa pracuj\u0119 od 2002 roku. Od 2007 prowadz\u0119 prywatny gabinet psychoterapii.&nbsp;<\/p>\n\n\n\n<p class=\"has-contrast-2-color has-text-color has-link-color has-small-font-size wp-elements-698658154e4651653e803c06688404c1\">W latach 2002-2008 do\u015bwiadczenie zdobywa\u0142am na oddzia\u0142ach rehabilitacji kardiologicznej i neurologicznej w G\u00f3rno\u015bl\u0105skim Centrum Rehabilitacji \u201eRepty\u201d oraz w Centrum Rehabilitacji \u201eDerrata\u201d. Zajmowa\u0142am si\u0119 tam diagnostyk\u0105 psychologiczn\u0105 oraz psychoterapi\u0105 we wspomaganiu leczenia chor\u00f3b psychosomatycznych, pomoc\u0105 w adaptacji do chor\u00f3b przewlek\u0142ych i niepe\u0142nosprawno\u015bci, a tak\u017ce diagnoz\u0105 i terapi\u0105 neuropsychologiczn\u0105.&nbsp;<\/p>\n\n\n\n<p class=\"has-contrast-2-color has-text-color has-link-color has-small-font-size wp-elements-5be255739439ff8dfc4d2a6e8ca40656\">W latach 2009-2011 pracowa\u0142am przy realizacji szeregu projekt\u00f3w aktywizacji spo\u0142eczno-zawodowej na rzecz os\u00f3b zagro\u017conych wykluczeniem spo\u0142ecznym na zlecenie Warszawskiego Centrum Pomocy Rodzinie, Centrum Aktywizacji zawodowej \u201eRazem\u201d i innych. Prowadzi\u0142am warsztaty i szkolenia z zakresu komunikacji, motywacji, wprowadzania zmiany w \u017cyciu, radzenia sobie ze stresem. Wsp\u00f3\u0142pracowa\u0142am z firmami szkoleniowymi (PRAXE, PerfectIn) oraz organizacjami pozarz\u0105dowymi (Stowarzyszenie Lambda Warszawa).&nbsp;<\/p>\n\n\n\n<p class=\"has-contrast-2-color has-text-color has-link-color has-small-font-size wp-elements-912a4a3d6b340c063913bf6f91d97211\">Gabinet prywatny psychoterapii indywidualnej os\u00f3b doros\u0142ych prowadz\u0119 nieprzerwanie od 2007 roku. Pomagam osobom do\u015bwiadczaj\u0105cym l\u0119k\u00f3w, zahamowa\u0144, depresji, objaw\u00f3w psychosomatycznych, trudno\u015bci w budowaniu satysfakcjonuj\u0105cych relacji, a tak\u017ce osobom zmagaj\u0105cym si\u0119 z kryzysem i strat\u0105. Zapraszam do wsp\u00f3\u0142pracy. Wi\u0119cej informacji na <a href=\"https:\/\/www.gabinet-terapii-gestalt.pl\" target=\"_blank\" rel=\"noopener\">stronie<\/a>.<\/p>\n\n\n\n<p class=\"has-contrast-2-color has-text-color has-link-color has-small-font-size wp-elements-50fa3be00e2500d581772cde86e09aaa\">e-mail:&nbsp;<a href=\"mailto:agnieszka.rybicka@op.pl\">agnieszka.rybicka@op.pl<\/a><\/p>\n\n\n\n<p class=\"has-small-font-size\"><\/p>\n<\/div>\n<\/div>\n\n\n\n<div class=\"wp-block-columns is-layout-flex wp-container-core-columns-is-layout-28f84493 wp-block-columns-is-layout-flex\">\n<div class=\"wp-block-column is-layout-flow wp-block-column-is-layout-flow\" style=\"flex-basis:33.33%\">\n<figure class=\"wp-block-image size-full\"><img loading=\"lazy\" decoding=\"async\" width=\"293\" height=\"436\" src=\"https:\/\/psychoterapia-spotkania.pl\/wp-content\/uploads\/2025\/12\/image-2.jpeg\" alt=\"\" class=\"wp-image-73\" srcset=\"https:\/\/psychoterapia-spotkania.pl\/wp-content\/uploads\/2025\/12\/image-2.jpeg 293w, https:\/\/psychoterapia-spotkania.pl\/wp-content\/uploads\/2025\/12\/image-2-202x300.jpeg 202w\" sizes=\"auto, (max-width: 293px) 100vw, 293px\" \/><\/figure>\n<\/div>\n\n\n\n<div class=\"wp-block-column is-layout-flow wp-block-column-is-layout-flow\" style=\"flex-basis:66.66%\">\n<h4 class=\"wp-block-heading has-contrast-2-color has-text-color has-link-color wp-elements-0ee08e5e365a5c2ce3a28dc18522e852\">Magdalena Marczewska<\/h4>\n\n\n\n<p class=\"has-contrast-2-color has-text-color has-link-color has-small-font-size wp-elements-a653eb6314a8bf51edd3f433ab87683f\">Tel:&nbsp; 509 566 718<\/p>\n\n\n\n<p class=\"has-contrast-2-color has-text-color has-link-color has-small-font-size wp-elements-f27c5ef942966c330ff08fe9d3ae1b7f\">Jestem psychologiem i certyfikowan\u0105 psychoterapeutk\u0105. Uko\u0144czy\u0142am studia magisterskie na Wydziale Psychologii Uniwersytetu Warszawskiego oraz szkolenie trener\u00f3w i psychoterapeut\u00f3w w Instytucie Terapii Gestalt&nbsp; w Krakowie (jest on cz\u0142onkiem EAGT-European Association for Gestalt Therapy oraz Forge-International Federation of Gestalt Training Organizations). Uczestnicz\u0119 w sta\u0142ej superwizji u licencjonowanego superwizora. Bior\u0119 udzia\u0142 w warsztatach, szkoleniach i konferencjach, aby stale poszerza\u0107 swoj\u0105 wiedz\u0119 i kompetencje. Jestem cz\u0142onkiem Polskiego Towarzystwa Psychoterapii Gestalt.<\/p>\n\n\n\n<p class=\"has-contrast-2-color has-text-color has-link-color has-small-font-size wp-elements-1a85b879b4289067b3fc1bb6918b6368\">Zajmuj\u0119 si\u0119 prowadzeniem psychoterapii dla doros\u0142ych. Pomagam osobom do\u015bwiadczaj\u0105cym r\u00f3\u017cnych trudno\u015bci, mi\u0119dzy innymi takich jak: problemy emocjonalne, depresja, objawy psychosomatyczne, l\u0119ki, kryzysy \u017cyciowe, trudno\u015bci w kontaktach z bliskimi. W pracy zawodowej zajmowa\u0142am si\u0119 r\u00f3wnie\u017c prowadzeniem warsztat\u00f3w z zakresu wiedzy psychologicznej dla m\u0142odzie\u017cy, pracowa\u0142am w o\u015brodku adopcyjnym, gdzie zajmowa\u0142am si\u0119 adopcj\u0105 zagraniczn\u0105 oraz pomaga\u0142am ofiarom przemocy. Prowadzi\u0142am r\u00f3wnie\u017c szkolenia w tym zakresie dla prokuratury i s\u0119dzi\u00f3w.<\/p>\n\n\n\n<p class=\"has-contrast-2-color has-text-color has-link-color has-small-font-size wp-elements-0730333189f03dae804ac9f033ccf60e\">Prowadzenie psychoterapii jest dla mnie przyjemno\u015bci\u0105, wyzwaniem, tw\u00f3rczym i bliskim spotkaniem z drugim cz\u0142owiekiem.<\/p>\n\n\n\n<p class=\"has-contrast-2-color has-text-color has-link-color has-small-font-size wp-elements-f819c226e7ed1ad902f271673b471eea\">Czas wolny lubi\u0119 sp\u0119dza\u0107 aktywnie, podr\u00f3\u017cuj\u0105c lub wspinaj\u0105c si\u0119 w g\u00f3rach.<\/p>\n\n\n\n<p class=\"has-contrast-2-color has-text-color has-link-color has-small-font-size wp-elements-121b86d24dfc296599742001300b6da7\">\u200be-mail:&nbsp;<a href=\"mailto:magma30@autograf.pl\">magma30@autograf.pl<\/a><\/p>\n\n\n\n<p class=\"has-small-font-size\"><\/p>\n<\/div>\n<\/div>\n\n\n\n<div class=\"wp-block-columns is-layout-flex wp-container-core-columns-is-layout-28f84493 wp-block-columns-is-layout-flex\">\n<div class=\"wp-block-column is-layout-flow wp-block-column-is-layout-flow\" style=\"flex-basis:33.33%\">\n<figure class=\"wp-block-image size-full\"><img loading=\"lazy\" decoding=\"async\" width=\"293\" height=\"427\" src=\"https:\/\/psychoterapia-spotkania.pl\/wp-content\/uploads\/2025\/12\/image-3.jpeg\" alt=\"\" class=\"wp-image-77\" srcset=\"https:\/\/psychoterapia-spotkania.pl\/wp-content\/uploads\/2025\/12\/image-3.jpeg 293w, https:\/\/psychoterapia-spotkania.pl\/wp-content\/uploads\/2025\/12\/image-3-206x300.jpeg 206w\" sizes=\"auto, (max-width: 293px) 100vw, 293px\" \/><\/figure>\n<\/div>\n\n\n\n<div class=\"wp-block-column is-layout-flow wp-block-column-is-layout-flow\" style=\"flex-basis:66.66%\">\n<p class=\"has-contrast-2-color has-text-color has-link-color wp-elements-286582a9a92f87d328eb15dc41f85b84\">Anna Budniak<\/p>\n\n\n\n<p class=\"has-contrast-2-color has-text-color has-link-color has-small-font-size wp-elements-e1bc4b298993ea32e75190a8b810e356\">Tel: 506546217<\/p>\n\n\n\n<p class=\"has-contrast-2-color has-text-color has-link-color has-small-font-size wp-elements-66ce83a7c55a779bfadea7791cc5e18e\">Jestem psychologiem, certyfikowan\u0105 psychoterapeutk\u0105 w nurcie terapii Gestalt (uko\u0144czy\u0142am szkolenie w Instytucie Terapii Gestalt w Krakowie w oparciu o standardy EAP Europejskiego Stowarzyszenie Psychoterapii i EAGT Europejskiego Stowarzyszenie Psychoterapii Gestalt).<\/p>\n\n\n\n<p class=\"has-contrast-2-color has-text-color has-link-color has-small-font-size wp-elements-0f2fe4a2cb98a5810dd6ec14802fc602\">\u200bObecnie uczestnicz\u0119 w 4 &#8211; letnim szkoleniu z zakresu psychoterapii psychoanalitycznej w Polskim Towarzystwie Psychoterapii Psychoanalitycznej w Warszawie.<\/p>\n\n\n\n<p class=\"has-contrast-2-color has-text-color has-link-color has-small-font-size wp-elements-ee78532a9385e6e1126868df38f632ef\">Jestem r\u00f3wnie\u017c specjalistk\u0105 terapii uzale\u017cnie\u0144 w trakcie procesu certyfikacji po szkoleniu odbytym w Instytucie Psychologii Zdrowia w Warszawie.<\/p>\n\n\n\n<p class=\"has-contrast-2-color has-text-color has-link-color has-small-font-size wp-elements-7930dc759a2d5e2930125495dcfd56cc\">\u200bPracuj\u0119 w systemie psychoterapii indywidualnej i grupowej. Moja praca psychoterapeutyczne podlega regularnej superwizji.<\/p>\n\n\n\n<p class=\"has-contrast-2-color has-text-color has-link-color has-small-font-size wp-elements-152b0769c4901eaeb1bd6534fa3f0175\">\u200bPosiadam d\u0142ugoletnie do\u015bwiadczenie w pracy klinicznej zdobyte min. w Poradni Zdrowia Psychicznego i Poradni Psychologicznej w Specjalistycznej Przychodni Lekarskiej dla Pracownik\u00f3w Wojska SP ZOZ na ul. Nowowiejskiej 31 w Warszawie.Ponadto posiadam wieloletnie do\u015bwiadczenie w zakresie pracy z osobami uzale\u017cnionymi i wsp\u00f3\u0142uzale\u017cnionymi (w tym osobami z syndromem DDA \/ DDD) zar\u00f3wno systemie pracy indywidualnej jak i grupowej.<\/p>\n\n\n\n<p class=\"has-contrast-2-color has-text-color has-link-color has-small-font-size wp-elements-a138f52f3690f2ec71d52b2e4623f4d0\">\u200bW swojej pracy kieruj\u0119 si\u0119 kodeksem etycznym Polskiego Towarzystwa Psychoterapii Psychoanalitycznej.<\/p>\n\n\n\n<p class=\"has-contrast-2-color has-text-color has-link-color wp-elements-f885ae227c8188f50033750108ca72da\">\u200b<\/p>\n\n\n\n<div class=\"wp-block-columns is-layout-flex wp-container-core-columns-is-layout-28f84493 wp-block-columns-is-layout-flex\">\n<div class=\"wp-block-column is-layout-flow wp-block-column-is-layout-flow\">\n<p>&nbsp;&nbsp; <\/p>\n<\/div>\n<\/div>\n<\/div>\n<\/div>\n\n\n\n<div class=\"wp-block-columns is-layout-flex wp-container-core-columns-is-layout-28f84493 wp-block-columns-is-layout-flex\">\n<div class=\"wp-block-column is-layout-flow wp-block-column-is-layout-flow\">\n<h4 class=\"wp-block-heading has-contrast-2-color has-text-color has-link-color wp-elements-138b24dd49d53b9e2ed6993b0dbc0ec2\">Nasz zesp\u00f3\u0142 wsp\u00f3\u0142pracuje z dr n. med. Joanna Wilkowsk\u0105-Chmielewsk\u0105 specjalist\u0105 psychiatr\u0105, specjalista medycyny snu<\/h4>\n\n\n\n<h3 class=\"wp-block-heading has-contrast-2-color has-text-color has-link-color wp-elements-9583eb7836f54a23a8efba60c1f7bb1a\">&nbsp;<\/h3>\n\n\n\n<p class=\"has-contrast-2-color has-text-color has-link-color has-small-font-size wp-elements-e7fc86be3b7c9c9ea04dcd0880c7ec0a\">Dr n. med. Joanna Wilkowska-Chmielewska specjalista psychiatra i specjalista medycyny snu.<br>&nbsp; Dyplom Akademii Medycznej w Warszawie uzyska\u0142a w 2000 roku. W roku 2005 r uko\u0144czy\u0142a szkolenie w Szkole Terapii Poznawczej i Behawioralnej w Ennie oraz Klinice Psychiatrii Uniwersytetu w Katanii, we W\u0142oszech. W latach 2006, 2007 by\u0142a na stypendium naukowym Uniwersytetu w Genewie, w Szwajcarii, gdzie uzyska\u0142a certyfikat z Psychofarmakologii Klinicznej Wieku Podesz\u0142ego Szwajcarskiego Towarzystwa Neurogerontopsychologicznego. Odby\u0142a r\u00f3wnie\u017c szkolenie w Genewskim Laboratorium Snu. Tytu\u0142 specjalisty psychiatry uzyska\u0142a w 2007, a rok p\u00f3\u017aniej uko\u0144czy\u0142a szkolenie z Terapii Poznawczo-Behawioralnej w warszawskim Centrum CBT. W 2009 roku zdoby\u0142a certyfikat z Medycyny Snu i posiada akredytacj\u0119 Polskiego Towarzystwa Bada\u0144 nad Snem. W 2011 roku uzyska\u0142a stopie\u0144 doktora nauk medycznych po obronie rozprawy na temat zaburze\u0144 depresyjnych. Za rozpraw\u0119 doktorsk\u0105 uzyska\u0142a wyr\u00f3\u017cnienie Rady I Wydzia\u0142u Lekarskiego WUM.<\/p>\n\n\n\n<p class=\"has-contrast-2-color has-text-color has-link-color has-small-font-size wp-elements-b30e099ed04fd141a6db19ebca806aea\">&nbsp;&nbsp; W czasie ju\u017c ponad 10-letniej pracy w Katedrze i Klinice Psychiatrycznej Warszawskiego Uniwersytetu Medycznego spotyka si\u0119 z wieloma skomplikowanymi przypadkami klinicznymi. Uko\u0144czone kursy, min. szkolenie z terapii poznawczo-behawioralnej, warsztaty z terapii analitycznej na Uniwersytecie w Genewie, szkolenie z medycyny snu oraz liczne sta\u017ce w renomowanych klinikach na \u015bwiecie pozwalaj\u0105 jej na \u0142\u0105czenie pasji jak\u0105 jest zg\u0142\u0119bianie tajnik\u00f3w ludzkiego umys\u0142u i niesienie pomocy tym, kt\u00f3rzy jej potrzebuj\u0105. W swojej pracy korzysta z najnowszych standard\u00f3w leczenia i kieruje si\u0119 zasadami etyki lekarskiej oraz, przede wszystkim, dobrem pacjenta.<\/p>\n<\/div>\n<\/div>\n\n\n\n<p><\/p>\n","protected":false},"excerpt":{"rendered":"<p>Psychoterapeuci Centrum Spotkania Magdalena Sowi\u0144ska tel:&nbsp;600 950 077 Jestem certyfikowan\u0105 psychoterapeutk\u0105 &#8211; posiadam certyfikat potwierdzaj\u0105cy wiedz\u0119 i kompetencje w zakresie psychoterapii Gestalt wydany przez Polskie Towarzystwo Psychoterapii Gestalt.&nbsp; Pracuj\u0119 w&nbsp; nurcie terapii Gestalt. Jestem absolwentk\u0105 interdyscyplinarnych studi\u00f3w w Instytucie Profilaktyki Spo\u0142ecznej i Resocjalizacji Uniwersytetu Warszawskiego. W ramach przygotowania do uzyskania certyfikatu psychoterapeuty Gestalt odby\u0142am roczne [&hellip;]<\/p>\n","protected":false},"author":1,"featured_media":0,"parent":0,"menu_order":0,"comment_status":"closed","ping_status":"closed","template":"","meta":{"footnotes":""},"class_list":["post-53","page","type-page","status-publish","hentry"],"_links":{"self":[{"href":"https:\/\/psychoterapia-spotkania.pl\/index.php?rest_route=\/wp\/v2\/pages\/53","targetHints":{"allow":["GET"]}}],"collection":[{"href":"https:\/\/psychoterapia-spotkania.pl\/index.php?rest_route=\/wp\/v2\/pages"}],"about":[{"href":"https:\/\/psychoterapia-spotkania.pl\/index.php?rest_route=\/wp\/v2\/types\/page"}],"author":[{"embeddable":true,"href":"https:\/\/psychoterapia-spotkania.pl\/index.php?rest_route=\/wp\/v2\/users\/1"}],"replies":[{"embeddable":true,"href":"https:\/\/psychoterapia-spotkania.pl\/index.php?rest_route=%2Fwp%2Fv2%2Fcomments&post=53"}],"version-history":[{"count":4,"href":"https:\/\/psychoterapia-spotkania.pl\/index.php?rest_route=\/wp\/v2\/pages\/53\/revisions"}],"predecessor-version":[{"id":187,"href":"https:\/\/psychoterapia-spotkania.pl\/index.php?rest_route=\/wp\/v2\/pages\/53\/revisions\/187"}],"wp:attachment":[{"href":"https:\/\/psychoterapia-spotkania.pl\/index.php?rest_route=%2Fwp%2Fv2%2Fmedia&parent=53"}],"curies":[{"name":"wp","href":"https:\/\/api.w.org\/{rel}","templated":true}]}}