{"id":92,"date":"2026-01-02T19:09:59","date_gmt":"2026-01-02T18:09:59","guid":{"rendered":"https:\/\/hkqqypvjq9-ksacb.wordpress.com\/?page_id=92"},"modified":"2026-01-04T18:55:55","modified_gmt":"2026-01-04T17:55:55","slug":"kontakt","status":"publish","type":"page","link":"https:\/\/psychoterapia-spotkania.pl\/?page_id=92","title":{"rendered":"Kontakt"},"content":{"rendered":"\n<h2 class=\"wp-block-heading has-text-align-center has-contrast-2-color has-text-color has-link-color wp-elements-ddaa441396986277511250fd6bfcda9d\">Kontakt<\/h2>\n\n\n\n<h2 class=\"wp-block-heading has-text-align-center has-contrast-2-color has-text-color has-link-color wp-elements-b57462690cd9746464878904715beec5\">Centrum Psychoterapii Spotkania<\/h2>\n\n\n\n<p class=\"has-contrast-2-color has-text-color has-link-color wp-elements-5f442d09cb43bcb5edbd02f170b625b8\">ul. Narbutta 11\/3<\/p>\n\n\n\n<p class=\"has-contrast-2-color has-text-color has-link-color wp-elements-8cb3d1f18866a5133f0080b3b5dfe19d\">02-536 Warszawa Mokot\u00f3w<\/p>\n\n\n\n<p class=\"has-contrast-2-color has-text-color has-link-color wp-elements-11e6921cc99176a6a3e9bfccb757a019\">\u200bGabinet znajduje si\u0119 w cz\u0119\u015bci Narbutta bli\u017cej ulicy Pu\u0142awskiej, na rogu Sandomierskiej.<\/p>\n\n\n\n<p class=\"has-contrast-2-color has-text-color has-link-color wp-elements-fd3dd04156311071f4658ac7f5f4c46b\">Najwygodniej dojecha\u0107 do nas komunikacj\u0105 miejsk\u0105 &#8211; tramwajem od strony Pu\u0142awskiej lub Metrem (Pole Mokotowskie).<\/p>\n\n\n\n<p class=\"has-contrast-2-color has-text-color has-link-color wp-elements-17f8f70a73d7caa7db49e2d33fd00200\">Kontakt do psychoterapeut\u00f3w znajduje si\u0119 w zak\u0142adce&nbsp;<a href=\"https:\/\/hkqqypvjq9-ksacb.wordpress.com\/o-nas\/\" target=\"_blank\" rel=\"noopener\">O NAS<\/a><\/p>\n\n\n\n<p>\u200b<\/p>\n\n\n\n<p class=\"has-contrast-2-color has-text-color has-link-color wp-elements-0cbbe4fa16cce2bf22d226e9cb483fcd\">Zapraszamy do wsp\u00f3\u0142pracy.<\/p>\n\n\n\n<div style=\"display:flex; justify-content:center; width:100%; margin: 2rem 0;\">\n  <iframe\n    src=\"https:\/\/www.google.com\/maps\/embed?pb=!1m18!1m12!1m3!1d2445.0168953773878!2d21.01678597674636!3d52.20674045937506!2m3!1f0!2f0!3f0!3m2!1i1024!2i768!4f13.1!3m3!1m2!1s0x471eccd91f211f15%3A0x5a229255101afa15!2sLudwika%20Narbutta%2011%2C%2002-567%20Warszawa!5e0!3m2!1spl!2spl!4v1767530413281!5m2!1spl!2spl\"\n    width=\"600\"\n    height=\"450\"\n    style=\"border:0; max-width:100%;\"\n    allowfullscreen=\"\"\n    loading=\"lazy\"\n    referrerpolicy=\"no-referrer-when-downgrade\">\n  <\/iframe>\n<\/div>\n\n\n\n<p><\/p>\n","protected":false},"excerpt":{"rendered":"<p>Kontakt Centrum Psychoterapii Spotkania ul. Narbutta 11\/3 02-536 Warszawa Mokot\u00f3w \u200bGabinet znajduje si\u0119 w cz\u0119\u015bci Narbutta bli\u017cej ulicy Pu\u0142awskiej, na rogu Sandomierskiej. Najwygodniej dojecha\u0107 do nas komunikacj\u0105 miejsk\u0105 &#8211; tramwajem od strony Pu\u0142awskiej lub Metrem (Pole Mokotowskie). Kontakt do psychoterapeut\u00f3w znajduje si\u0119 w zak\u0142adce&nbsp;O NAS \u200b Zapraszamy do wsp\u00f3\u0142pracy.<\/p>\n","protected":false},"author":1,"featured_media":0,"parent":0,"menu_order":0,"comment_status":"closed","ping_status":"closed","template":"","meta":{"footnotes":""},"class_list":["post-92","page","type-page","status-publish","hentry"],"_links":{"self":[{"href":"https:\/\/psychoterapia-spotkania.pl\/index.php?rest_route=\/wp\/v2\/pages\/92","targetHints":{"allow":["GET"]}}],"collection":[{"href":"https:\/\/psychoterapia-spotkania.pl\/index.php?rest_route=\/wp\/v2\/pages"}],"about":[{"href":"https:\/\/psychoterapia-spotkania.pl\/index.php?rest_route=\/wp\/v2\/types\/page"}],"author":[{"embeddable":true,"href":"https:\/\/psychoterapia-spotkania.pl\/index.php?rest_route=\/wp\/v2\/users\/1"}],"replies":[{"embeddable":true,"href":"https:\/\/psychoterapia-spotkania.pl\/index.php?rest_route=%2Fwp%2Fv2%2Fcomments&post=92"}],"version-history":[{"count":7,"href":"https:\/\/psychoterapia-spotkania.pl\/index.php?rest_route=\/wp\/v2\/pages\/92\/revisions"}],"predecessor-version":[{"id":173,"href":"https:\/\/psychoterapia-spotkania.pl\/index.php?rest_route=\/wp\/v2\/pages\/92\/revisions\/173"}],"wp:attachment":[{"href":"https:\/\/psychoterapia-spotkania.pl\/index.php?rest_route=%2Fwp%2Fv2%2Fmedia&parent=92"}],"curies":[{"name":"wp","href":"https:\/\/api.w.org\/{rel}","templated":true}]}}